{"id":336,"date":"2021-03-28T19:18:14","date_gmt":"2021-03-28T19:18:14","guid":{"rendered":"https:\/\/schutzschild.org\/?page_id=336"},"modified":"2026-03-04T15:05:28","modified_gmt":"2026-03-04T15:05:28","slug":"termine-vortraege","status":"publish","type":"page","link":"https:\/\/schutzschild.org\/?page_id=336","title":{"rendered":"Workshops"},"content":{"rendered":"\n<p style=\"font-size:18px\">Ob Konferenz, Team-Event oder Kundentag: <strong>Kurzweilige Vortr\u00e4ge mit Tiefgang, klaren Aha-Momenten und konkreten Takeaways f\u00fcr dein Publikum<\/strong>. Gern stellen wir auch gemeinsam ein individuelles, auf deine Bed\u00fcrfnisse abgestimmtes Programm zusammen.<\/p>\n\n\n\n<p style=\"font-size:18px\"><strong>Aktuell biete ich folgende Masterclasses an, in denen du individuell und praxisnah lernst, wie du testest oder dich im Ernstfall verteidigst.<\/strong><\/p>\n\n\n\n<hr class=\"wp-block-separator has-alpha-channel-opacity\"\/>\n\n\n\n<h4 class=\"wp-block-heading\"><strong>Masterclass Pentest Essentials&nbsp;<\/strong>(<strong>Pentest zum Anfassen)<\/strong><\/h4>\n\n\n\n<p class=\"has-text-align-left\" style=\"font-size:18px\">In dieser Masterclass lernst du, wie ein Penetrationstest geplant, durchgef\u00fchrt und ausgewertet wird. Daf\u00fcr stellst du dir eine auf deine Bed\u00fcrfnisse angepasste Toolchain zusammen und erprobst sie praktisch. Du trainierst in realit\u00e4tsnahen Labs den gesamten Ablauf und verfeinerst nach und nach dein Vorgehen.<\/p>\n\n\n\n<p style=\"font-size:18px\">Wir gehen zusammen die Ziele, den Scope und die rechtlichen Rahmenbedingungen durch. Hinzu kommen Themen wie Schwachstellenmanagement und ben\u00f6tigte Dokumentation. Ziel ist es, dass du am Ende die wichtigsten Werkzeuge f\u00fcr die einzelnen Teststufen und -arten kennst und entweder selbst Penetrationstests durchf\u00fchren kannst oder die Berichte anderer bewerten und einsch\u00e4tzen kannst.<\/p>\n\n\n\n<p class=\"has-text-align-left\" style=\"font-size:18px\">Du kannst die einzelnen Themen in deinem individuellen Tempo und in deiner Reihenfolge durchgehen. Wir gehen zusammen in einzelnen Live-Sessions auf individuelle Fragestellungen und m\u00f6gliche Probleme ein. Hinzu kommt ein regelm\u00e4\u00dfiger Austausch zu Best Practices oder neuen Ans\u00e4tzen.<\/p>\n\n\n\n<p class=\"has-text-align-left\" style=\"font-size:18px\"><\/p>\n\n\n\n<hr class=\"wp-block-separator has-alpha-channel-opacity\"\/>\n\n\n\n<p class=\"has-text-align-center\" style=\"font-size:14px\"><\/p>\n\n\n\n<h4 class=\"wp-block-heading\"><strong>Masterclass &#8222;IT &#8211; Forensik in der Praxis&#8220;<\/strong><\/h4>\n\n\n\n<p style=\"font-size:18px\">In dieser Masterclass lernst du, bei Vorf\u00e4llen strukturiert und rechtssicher zu handeln. Anhand aktueller F\u00e4lle entwickeln wir gemeinsam ein f\u00fcr dich praxisnahes Vorgehen. Du stellst dir im Rahmen der Masterclass deine auf deine Bed\u00fcrfnisse angepasste Toolchain zusammen, deren Einsatz du in verschiedenen Labs trainieren kannst.<\/p>\n\n\n\n<p style=\"font-size:18px\">Neben den einzelnen Phasen Identifizierung, Beweissicherung, Analyse und Dokumentation kommt auch das Thema Kommunikation nicht zu kurz. Hier stellen wir Checklisten, m\u00f6gliche Ablaufpl\u00e4ne und Anlaufstellen f\u00fcr den Ernstfall zusammen. Dabei setzen wir auf Best Practices, die sich in der Praxis bew\u00e4hrt haben.<\/p>\n\n\n\n<p style=\"font-size:18px\">Du kannst die einzelnen Themen in deinem individuellen Tempo und in deiner Reihenfolge durchgehen. Wir gehen zusammen in einzelnen Live-Sessions auf individuelle Fragestellungen und m\u00f6gliche Probleme ein. Am Ende ist mir wichtig, dass du ein individuell auf deine Situation abgestimmtes Set hast, damit du f\u00fcr den Fall der F\u00e4lle vorbereitet bist.<\/p>\n\n\n\n<p style=\"font-size:18px\"><strong>F\u00fcr Einsteiger und Fortgeschrittene geeignet \u2013 ohne Vorkenntnisse, Einstieg jederzeit.<\/strong><\/p>\n\n\n\n<hr class=\"wp-block-separator has-alpha-channel-opacity\"\/>\n\n\n\n<div class=\"wp-block-buttons is-layout-flex wp-block-buttons-is-layout-flex\">\n<div class=\"wp-block-button has-custom-width wp-block-button__width-100 is-style-outline is-style-outline--1\"><a class=\"wp-block-button__link has-pale-cyan-blue-background-color has-background wp-element-button\" href=\"https:\/\/schutzschild.org\/?page_id=943\" style=\"border-radius:4px\">ja, ich m\u00f6chte gern weitere Informationen.<\/a><\/div>\n<\/div>\n\n\n\n<h4 class=\"wp-block-heading\"><\/h4>\n\n\n\n<hr class=\"wp-block-separator has-alpha-channel-opacity\"\/>\n\n\n\n<p style=\"font-size:18px\"><a href=\"https:\/\/schutzschild.org\/?page_id=691\" data-type=\"page\" data-id=\"691\">Nachfolgend der Link zu dem Material aus meinen Vortr\u00e4gen \/ Seminaren.<\/a><\/p>\n\n\n\n<div class=\"wp-block-file\"><a id=\"wp-block-file--media-9e23ae7b-e462-4e02-9272-38bbc4b880b0\" href=\"https:\/\/schutzschild.org\/wp-content\/uploads\/2026\/03\/Dienstleisterliste-der-ARAG-22.pdf.zip\">Dienstleisterliste der ARAG 22.pdf.<\/a><a href=\"https:\/\/schutzschild.org\/wp-content\/uploads\/2026\/03\/Dienstleisterliste-der-ARAG-22.pdf.zip\" class=\"wp-block-file__button wp-element-button\" download aria-describedby=\"wp-block-file--media-9e23ae7b-e462-4e02-9272-38bbc4b880b0\">Herunterladen<\/a><\/div>\n","protected":false},"excerpt":{"rendered":"<p>Ob Konferenz, Team-Event oder Kundentag: Kurzweilige Vortr\u00e4ge mit Tiefgang, klaren Aha-Momenten und konkreten Takeaways f\u00fcr dein Publikum. Gern stellen wir auch gemeinsam ein individuelles, auf deine Bed\u00fcrfnisse abgestimmtes Programm zusammen&#8230;.<\/p>\n","protected":false},"author":1,"featured_media":0,"parent":0,"menu_order":0,"comment_status":"closed","ping_status":"closed","template":"","meta":{"footnotes":""},"class_list":["post-336","page","type-page","status-publish","hentry"],"_links":{"self":[{"href":"https:\/\/schutzschild.org\/index.php?rest_route=\/wp\/v2\/pages\/336","targetHints":{"allow":["GET"]}}],"collection":[{"href":"https:\/\/schutzschild.org\/index.php?rest_route=\/wp\/v2\/pages"}],"about":[{"href":"https:\/\/schutzschild.org\/index.php?rest_route=\/wp\/v2\/types\/page"}],"author":[{"embeddable":true,"href":"https:\/\/schutzschild.org\/index.php?rest_route=\/wp\/v2\/users\/1"}],"replies":[{"embeddable":true,"href":"https:\/\/schutzschild.org\/index.php?rest_route=%2Fwp%2Fv2%2Fcomments&post=336"}],"version-history":[{"count":31,"href":"https:\/\/schutzschild.org\/index.php?rest_route=\/wp\/v2\/pages\/336\/revisions"}],"predecessor-version":[{"id":1081,"href":"https:\/\/schutzschild.org\/index.php?rest_route=\/wp\/v2\/pages\/336\/revisions\/1081"}],"wp:attachment":[{"href":"https:\/\/schutzschild.org\/index.php?rest_route=%2Fwp%2Fv2%2Fmedia&parent=336"}],"curies":[{"name":"wp","href":"https:\/\/api.w.org\/{rel}","templated":true}]}}